{"id":228,"date":"2021-05-22T15:07:59","date_gmt":"2021-05-22T13:07:59","guid":{"rendered":"http:\/\/shop.poney-as.com\/?page_id=228"},"modified":"2021-05-26T22:42:01","modified_gmt":"2021-05-26T20:42:01","slug":"plan-du-site","status":"publish","type":"page","link":"https:\/\/www.shop.poney-as.com\/index.php\/plan-du-site\/","title":{"rendered":"Plan du site"},"content":{"rendered":"\t\t<div data-elementor-type=\"wp-page\" data-elementor-id=\"228\" class=\"elementor elementor-228\" data-elementor-settings=\"[]\">\n\t\t\t\t\t\t<div class=\"elementor-inner\">\n\t\t\t\t\t\t\t<div class=\"elementor-section-wrap\">\n\t\t\t\t\t\t\t<section class=\"elementor-section elementor-top-section elementor-element elementor-element-4fe696f7 elementor-section-boxed elementor-section-height-default elementor-section-height-default\" data-id=\"4fe696f7\" data-element_type=\"section\">\n\t\t\t\t\t\t<div class=\"elementor-container elementor-column-gap-default\">\n\t\t\t\t\t\t\t<div class=\"elementor-row\">\n\t\t\t\t\t<div class=\"elementor-column elementor-col-100 elementor-top-column elementor-element elementor-element-870aba7\" data-id=\"870aba7\" data-element_type=\"column\">\n\t\t\t<div class=\"elementor-column-wrap elementor-element-populated\">\n\t\t\t\t\t\t\t<div class=\"elementor-widget-wrap\">\n\t\t\t\t\t\t<div class=\"elementor-element elementor-element-62b48d2f elementor-widget elementor-widget-heading\" data-id=\"62b48d2f\" data-element_type=\"widget\" data-widget_type=\"heading.default\">\n\t\t\t\t<div class=\"elementor-widget-container\">\n\t\t\t<h2 class=\"elementor-heading-title elementor-size-default\">Plan du site<\/h2>\t\t<\/div>\n\t\t\t\t<\/div>\n\t\t\t\t\t\t<\/div>\n\t\t\t\t\t<\/div>\n\t\t<\/div>\n\t\t\t\t\t\t\t\t<\/div>\n\t\t\t\t\t<\/div>\n\t\t<\/section>\n\t\t\t\t<section class=\"elementor-section elementor-top-section elementor-element elementor-element-ce38276 elementor-section-boxed elementor-section-height-default elementor-section-height-default\" data-id=\"ce38276\" data-element_type=\"section\">\n\t\t\t\t\t\t<div class=\"elementor-container elementor-column-gap-default\">\n\t\t\t\t\t\t\t<div class=\"elementor-row\">\n\t\t\t\t\t<div class=\"elementor-column elementor-col-100 elementor-top-column elementor-element elementor-element-ae6872a\" data-id=\"ae6872a\" data-element_type=\"column\">\n\t\t\t<div class=\"elementor-column-wrap elementor-element-populated\">\n\t\t\t\t\t\t\t<div class=\"elementor-widget-wrap\">\n\t\t\t\t\t\t<div class=\"elementor-element elementor-element-5e2dd38 elementor-widget elementor-widget-text-editor\" data-id=\"5e2dd38\" data-element_type=\"widget\" data-widget_type=\"text-editor.default\">\n\t\t\t\t<div class=\"elementor-widget-container\">\n\t\t\t\t\t\t\t\t<div class=\"elementor-text-editor elementor-clearfix\">\n\t\t\t\t\t<p>Lorem ipsum dolor sit amet, consectetur adipiscing elit. Ut elit tellus, luctus nec ullamcorper mattis, pulvinar dapibus leo.<\/p>\t\t\t\t\t<\/div>\n\t\t\t\t\t\t<\/div>\n\t\t\t\t<\/div>\n\t\t\t\t\t\t<\/div>\n\t\t\t\t\t<\/div>\n\t\t<\/div>\n\t\t\t\t\t\t\t\t<\/div>\n\t\t\t\t\t<\/div>\n\t\t<\/section>\n\t\t\t\t<section class=\"elementor-section elementor-top-section elementor-element elementor-element-9e27e2d elementor-section-boxed elementor-section-height-default elementor-section-height-default\" data-id=\"9e27e2d\" data-element_type=\"section\">\n\t\t\t\t\t\t<div class=\"elementor-container elementor-column-gap-default\">\n\t\t\t\t\t\t\t<div class=\"elementor-row\">\n\t\t\t\t\t<div class=\"elementor-column elementor-col-100 elementor-top-column elementor-element elementor-element-51d92cc\" data-id=\"51d92cc\" data-element_type=\"column\">\n\t\t\t<div class=\"elementor-column-wrap elementor-element-populated\">\n\t\t\t\t\t\t\t<div class=\"elementor-widget-wrap\">\n\t\t\t\t\t\t<div class=\"elementor-element elementor-element-3550731 elementor-widget elementor-widget-sitemap\" data-id=\"3550731\" data-element_type=\"widget\" data-widget_type=\"sitemap.default\">\n\t\t\t\t<div class=\"elementor-widget-container\">\n\t\t\t<div class=\"elementor-sitemap-wrap\"><div class=\"elementor-sitemap-section\"><h2 class=\"elementor-sitemap-title elementor-sitemap-page-title\">Pages<\/h2><ul class=\"elementor-sitemap-list elementor-sitemap-page-list\"><li class=\"elementor-sitemap-item elementor-sitemap-item-page page_item page-item-260\"><a href=\"https:\/\/www.shop.poney-as.com\/index.php\/partenaires\/\">Partenaires<\/a><\/li><li class=\"elementor-sitemap-item elementor-sitemap-item-page page_item page-item-228\"><a href=\"https:\/\/www.shop.poney-as.com\/index.php\/plan-du-site\/\">Plan du site<\/a><\/li><li class=\"elementor-sitemap-item elementor-sitemap-item-page page_item page-item-209\"><a href=\"https:\/\/www.shop.poney-as.com\/index.php\/donnees-personnelles\/\">Donn\u00e9es personnelles<\/a><\/li><li class=\"elementor-sitemap-item elementor-sitemap-item-page page_item page-item-207\"><a href=\"https:\/\/www.shop.poney-as.com\/index.php\/conditions-generales-de-vente\/\">Conditions G\u00e9n\u00e9rales de vente<\/a><\/li><li class=\"elementor-sitemap-item elementor-sitemap-item-page page_item page-item-205\"><a href=\"https:\/\/www.shop.poney-as.com\/index.php\/mentions-legales\/\">Mentions l\u00e9gales<\/a><\/li><li class=\"elementor-sitemap-item elementor-sitemap-item-page page_item page-item-203\"><a href=\"https:\/\/www.shop.poney-as.com\/index.php\/livraisons\/\">Livraisons<\/a><\/li><li class=\"elementor-sitemap-item elementor-sitemap-item-page page_item page-item-201\"><a href=\"https:\/\/www.shop.poney-as.com\/index.php\/a-propos\/\">A propos<\/a><\/li><li class=\"elementor-sitemap-item elementor-sitemap-item-page page_item page-item-192\"><a href=\"https:\/\/www.shop.poney-as.com\/index.php\/contact\/\">Contact<\/a><\/li><li class=\"elementor-sitemap-item elementor-sitemap-item-page page_item page-item-62\"><a href=\"https:\/\/www.shop.poney-as.com\/\">Accueil<\/a><\/li><li class=\"elementor-sitemap-item elementor-sitemap-item-page page_item page-item-23\"><a href=\"https:\/\/www.shop.poney-as.com\/index.php\/mon-compte\/\">Mon compte<\/a><\/li><li class=\"elementor-sitemap-item elementor-sitemap-item-page page_item page-item-22\"><a href=\"https:\/\/www.shop.poney-as.com\/index.php\/commander\/\">Validation de la commande<\/a><\/li><li class=\"elementor-sitemap-item elementor-sitemap-item-page page_item page-item-21\"><a href=\"https:\/\/www.shop.poney-as.com\/index.php\/panier\/\">Panier<\/a><\/li><li class=\"elementor-sitemap-item elementor-sitemap-item-page page_item page-item-20\"><a href=\"https:\/\/www.shop.poney-as.com\/index.php\/boutique\/\">Boutique<\/a><\/li><\/ul><\/div><div class=\"elementor-sitemap-section\"><h2 class=\"elementor-sitemap-title elementor-sitemap-product_cat-title\">Cat\u00e9gories<\/h2><ul class=\"elementor-sitemap-list elementor-sitemap-product_cat-list\">\t<li class=\"elementor-sitemap-item elementor-sitemap-item-product_cat cat-item cat-item-27\"><a href=\"https:\/\/www.shop.poney-as.com\/index.php\/categorie-produit\/collection-2020-2021\/\" title=\"D\u00e9couvrez la collection 2020 \/ 2021\">Collection 2020 \/ 2021<\/a>\n<\/li>\n\t<li class=\"elementor-sitemap-item elementor-sitemap-item-product_cat cat-item cat-item-28\"><a href=\"https:\/\/www.shop.poney-as.com\/index.php\/categorie-produit\/boxes-cadeau\/\" title=\"D\u00e9couvrez nos boxes cadeau id\u00e9ales \u00e0 offrir pour toutes vos occasions !\">Boxes cadeau<\/a>\n<\/li>\n<\/ul><\/div><div class=\"elementor-sitemap-section\"><h2 class=\"elementor-sitemap-title elementor-sitemap-product-title\">Produits<\/h2><ul class=\"elementor-sitemap-list elementor-sitemap-product-list\"><li class=\"elementor-sitemap-item elementor-sitemap-item-product page_item page-item-310\"><a href=\"https:\/\/www.shop.poney-as.com\/index.php\/produit\/as-family-box\/\">As Family Box<\/a><\/li><li class=\"elementor-sitemap-item elementor-sitemap-item-product page_item page-item-301\"><a href=\"https:\/\/www.shop.poney-as.com\/index.php\/produit\/as-elite-box\/\">As Elite Box<\/a><\/li><li class=\"elementor-sitemap-item elementor-sitemap-item-product page_item page-item-75\"><a href=\"https:\/\/www.shop.poney-as.com\/index.php\/produit\/as-rider-box\/\">As Rider Box<\/a><\/li><li class=\"elementor-sitemap-item elementor-sitemap-item-product page_item page-item-74\"><a href=\"https:\/\/www.shop.poney-as.com\/index.php\/produit\/bonnet-poney-as\/\">Bonnet Poney As<\/a><\/li><li class=\"elementor-sitemap-item elementor-sitemap-item-product page_item page-item-73\"><a href=\"https:\/\/www.shop.poney-as.com\/index.php\/produit\/chemise-poney-as\/\">Chemise de Box Poney As<\/a><\/li><li class=\"elementor-sitemap-item elementor-sitemap-item-product page_item page-item-69\"><a href=\"https:\/\/www.shop.poney-as.com\/index.php\/produit\/tapis-de-selle-poney-as\/\">Tapis de selle Poney As<\/a><\/li><\/ul><\/div><\/div>\t\t<\/div>\n\t\t\t\t<\/div>\n\t\t\t\t\t\t<\/div>\n\t\t\t\t\t<\/div>\n\t\t<\/div>\n\t\t\t\t\t\t\t\t<\/div>\n\t\t\t\t\t<\/div>\n\t\t<\/section>\n\t\t\t\t\t\t<\/div>\n\t\t\t\t\t\t<\/div>\n\t\t\t\t\t<\/div>\n\t\t","protected":false},"excerpt":{"rendered":"<p>Lorem ipsum dolor sit amet, consectetur adipiscing elit. Ut elit tellus, luctus nec ullamcorper mattis, pulvinar dapibus leo.<\/p>\n","protected":false},"author":1,"featured_media":0,"parent":0,"menu_order":0,"comment_status":"closed","ping_status":"closed","template":"","meta":[],"yoast_head":"<!-- This site is optimized with the Yoast SEO plugin v16.3 - https:\/\/yoast.com\/wordpress\/plugins\/seo\/ -->\n<title>Plan du site - Shop PoneyAs<\/title>\n<meta name=\"robots\" content=\"noindex, follow, max-snippet:-1, max-image-preview:large, max-video-preview:-1\" \/>\n<meta property=\"og:locale\" content=\"fr_FR\" \/>\n<meta property=\"og:type\" content=\"article\" \/>\n<meta property=\"og:title\" content=\"Plan du site - Shop PoneyAs\" \/>\n<meta property=\"og:description\" content=\"Lorem ipsum dolor sit amet, consectetur adipiscing elit. Ut elit tellus, luctus nec ullamcorper mattis, pulvinar dapibus leo.\" \/>\n<meta property=\"og:url\" content=\"https:\/\/www.shop.poney-as.com\/index.php\/plan-du-site\/\" \/>\n<meta property=\"og:site_name\" content=\"Shop PoneyAs\" \/>\n<meta property=\"article:modified_time\" content=\"2021-05-26T20:42:01+00:00\" \/>\n<meta name=\"twitter:card\" content=\"summary_large_image\" \/>\n<meta name=\"twitter:label1\" content=\"Dur\u00e9e de lecture est.\">\n\t<meta name=\"twitter:data1\" content=\"1 minute\">\n<script type=\"application\/ld+json\" class=\"yoast-schema-graph\">{\"@context\":\"https:\/\/schema.org\",\"@graph\":[{\"@type\":\"WebSite\",\"@id\":\"https:\/\/www.shop.poney-as.com\/#website\",\"url\":\"https:\/\/www.shop.poney-as.com\/\",\"name\":\"Shop PoneyAs\",\"description\":\"\",\"potentialAction\":[{\"@type\":\"SearchAction\",\"target\":\"https:\/\/www.shop.poney-as.com\/?s={search_term_string}\",\"query-input\":\"required name=search_term_string\"}],\"inLanguage\":\"fr-FR\"},{\"@type\":\"WebPage\",\"@id\":\"https:\/\/www.shop.poney-as.com\/index.php\/plan-du-site\/#webpage\",\"url\":\"https:\/\/www.shop.poney-as.com\/index.php\/plan-du-site\/\",\"name\":\"Plan du site - Shop PoneyAs\",\"isPartOf\":{\"@id\":\"https:\/\/www.shop.poney-as.com\/#website\"},\"datePublished\":\"2021-05-22T13:07:59+00:00\",\"dateModified\":\"2021-05-26T20:42:01+00:00\",\"breadcrumb\":{\"@id\":\"https:\/\/www.shop.poney-as.com\/index.php\/plan-du-site\/#breadcrumb\"},\"inLanguage\":\"fr-FR\",\"potentialAction\":[{\"@type\":\"ReadAction\",\"target\":[\"https:\/\/www.shop.poney-as.com\/index.php\/plan-du-site\/\"]}]},{\"@type\":\"BreadcrumbList\",\"@id\":\"https:\/\/www.shop.poney-as.com\/index.php\/plan-du-site\/#breadcrumb\",\"itemListElement\":[{\"@type\":\"ListItem\",\"position\":1,\"item\":{\"@type\":\"WebPage\",\"@id\":\"https:\/\/www.shop.poney-as.com\/\",\"url\":\"https:\/\/www.shop.poney-as.com\/\",\"name\":\"Accueil\"}},{\"@type\":\"ListItem\",\"position\":2,\"item\":{\"@id\":\"https:\/\/www.shop.poney-as.com\/index.php\/plan-du-site\/#webpage\"}}]}]}<\/script>\n<!-- \/ Yoast SEO plugin. -->","_links":{"self":[{"href":"https:\/\/www.shop.poney-as.com\/index.php\/wp-json\/wp\/v2\/pages\/228"}],"collection":[{"href":"https:\/\/www.shop.poney-as.com\/index.php\/wp-json\/wp\/v2\/pages"}],"about":[{"href":"https:\/\/www.shop.poney-as.com\/index.php\/wp-json\/wp\/v2\/types\/page"}],"author":[{"embeddable":true,"href":"https:\/\/www.shop.poney-as.com\/index.php\/wp-json\/wp\/v2\/users\/1"}],"replies":[{"embeddable":true,"href":"https:\/\/www.shop.poney-as.com\/index.php\/wp-json\/wp\/v2\/comments?post=228"}],"version-history":[{"count":4,"href":"https:\/\/www.shop.poney-as.com\/index.php\/wp-json\/wp\/v2\/pages\/228\/revisions"}],"predecessor-version":[{"id":257,"href":"https:\/\/www.shop.poney-as.com\/index.php\/wp-json\/wp\/v2\/pages\/228\/revisions\/257"}],"wp:attachment":[{"href":"https:\/\/www.shop.poney-as.com\/index.php\/wp-json\/wp\/v2\/media?parent=228"}],"curies":[{"name":"wp","href":"https:\/\/api.w.org\/{rel}","templated":true}]}}