{"id":301,"date":"2021-06-08T14:54:15","date_gmt":"2021-06-08T12:54:15","guid":{"rendered":"https:\/\/www.shop.poney-as.com\/?post_type=product&#038;p=301"},"modified":"2021-06-08T15:00:50","modified_gmt":"2021-06-08T13:00:50","slug":"as-elite-box","status":"publish","type":"product","link":"https:\/\/www.shop.poney-as.com\/index.php\/produit\/as-elite-box\/","title":{"rendered":"As Elite Box"},"content":{"rendered":"<p>Box cadeau compos\u00e9 de 9 produits :<\/p>\n<p>1 Mag Poney As, n\u00b012 (automne 2020)<br \/>\n1 Calendrier 2021 (Poney As \u00ab Les champions de France Grand Prix \u00bb)<br \/>\n1 Paire de chaussettes d\u2019\u00e9quitation \u2013 Mathilde &amp; Sligo<br \/>\n3 produits soins La Boutique de l&#8217;Arbalou<br \/>\n1 Licol Walshausen bleu nuit<br \/>\n1 Sachet Cavalor Mash&amp;Mix<br \/>\n1 Cr\u00e8me main au lait de jument<br \/>\n1 Bo\u00eete de broy\u00e9 du Poitou<br \/>\n1 Pack d\u00e9gustation Happy Crackers<\/p>\n","protected":false},"excerpt":{"rendered":"<p>Box cadeau compos\u00e9 de 9 produits : 1 Mag Poney As, n\u00b012 (automne 2020) 1 Calendrier 2021 (Poney As \u00ab Les champions de France Grand Prix \u00bb) 1 Paire de chaussettes d\u2019\u00e9quitation \u2013 Mathilde &amp; Sligo 3 produits soins La Boutique de l&#8217;Arbalou 1 Licol Walshausen bleu nuit 1 Sachet Cavalor Mash&amp;Mix 1 Cr\u00e8me main [&hellip;]<\/p>\n","protected":false},"featured_media":302,"template":"","meta":[],"yoast_head":"<!-- This site is optimized with the Yoast SEO plugin v16.3 - https:\/\/yoast.com\/wordpress\/plugins\/seo\/ -->\n<title>As Elite Box - Shop PoneyAs Box cadeau 9 produits<\/title>\n<meta name=\"description\" content=\"Achetez en ligne la Box Cadeau As Elite Box, le cadeau id\u00e9al pour les passionn\u00e9s d&#039;\u00e9quitation avec des produits vari\u00e9s.\" \/>\n<meta name=\"robots\" content=\"noindex, follow, max-snippet:-1, max-image-preview:large, max-video-preview:-1\" \/>\n<meta property=\"og:locale\" content=\"fr_FR\" \/>\n<meta property=\"og:type\" content=\"article\" \/>\n<meta property=\"og:title\" content=\"As Elite Box - Shop PoneyAs Box cadeau 9 produits\" \/>\n<meta property=\"og:description\" content=\"Achetez en ligne la Box Cadeau As Elite Box, le cadeau id\u00e9al pour les passionn\u00e9s d&#039;\u00e9quitation avec des produits vari\u00e9s.\" \/>\n<meta property=\"og:url\" content=\"https:\/\/www.shop.poney-as.com\/index.php\/produit\/as-elite-box\/\" \/>\n<meta property=\"og:site_name\" content=\"Shop PoneyAs\" \/>\n<meta property=\"article:modified_time\" content=\"2021-06-08T13:00:50+00:00\" \/>\n<meta property=\"og:image\" content=\"https:\/\/www.shop.poney-as.com\/wp-content\/uploads\/2021\/06\/Box02.png\" \/>\n\t<meta property=\"og:image:width\" content=\"940\" \/>\n\t<meta property=\"og:image:height\" content=\"788\" \/>\n<meta name=\"twitter:card\" content=\"summary_large_image\" \/>\n<meta name=\"twitter:label1\" content=\"Dur\u00e9e de lecture est.\">\n\t<meta name=\"twitter:data1\" content=\"1 minute\">\n<script type=\"application\/ld+json\" class=\"yoast-schema-graph\">{\"@context\":\"https:\/\/schema.org\",\"@graph\":[{\"@type\":\"WebSite\",\"@id\":\"https:\/\/www.shop.poney-as.com\/#website\",\"url\":\"https:\/\/www.shop.poney-as.com\/\",\"name\":\"Shop PoneyAs\",\"description\":\"\",\"potentialAction\":[{\"@type\":\"SearchAction\",\"target\":\"https:\/\/www.shop.poney-as.com\/?s={search_term_string}\",\"query-input\":\"required name=search_term_string\"}],\"inLanguage\":\"fr-FR\"},{\"@type\":\"ImageObject\",\"@id\":\"https:\/\/www.shop.poney-as.com\/index.php\/produit\/as-elite-box\/#primaryimage\",\"inLanguage\":\"fr-FR\",\"url\":\"https:\/\/www.shop.poney-as.com\/wp-content\/uploads\/2021\/06\/Box02.png\",\"contentUrl\":\"https:\/\/www.shop.poney-as.com\/wp-content\/uploads\/2021\/06\/Box02.png\",\"width\":940,\"height\":788,\"caption\":\"As Elite Box\"},{\"@type\":\"WebPage\",\"@id\":\"https:\/\/www.shop.poney-as.com\/index.php\/produit\/as-elite-box\/#webpage\",\"url\":\"https:\/\/www.shop.poney-as.com\/index.php\/produit\/as-elite-box\/\",\"name\":\"As Elite Box - Shop PoneyAs Box cadeau 9 produits\",\"isPartOf\":{\"@id\":\"https:\/\/www.shop.poney-as.com\/#website\"},\"primaryImageOfPage\":{\"@id\":\"https:\/\/www.shop.poney-as.com\/index.php\/produit\/as-elite-box\/#primaryimage\"},\"datePublished\":\"2021-06-08T12:54:15+00:00\",\"dateModified\":\"2021-06-08T13:00:50+00:00\",\"description\":\"Achetez en ligne la Box Cadeau As Elite Box, le cadeau id\\u00e9al pour les passionn\\u00e9s d'\\u00e9quitation avec des produits vari\\u00e9s.\",\"breadcrumb\":{\"@id\":\"https:\/\/www.shop.poney-as.com\/index.php\/produit\/as-elite-box\/#breadcrumb\"},\"inLanguage\":\"fr-FR\",\"potentialAction\":[{\"@type\":\"ReadAction\",\"target\":[\"https:\/\/www.shop.poney-as.com\/index.php\/produit\/as-elite-box\/\"]}]},{\"@type\":\"BreadcrumbList\",\"@id\":\"https:\/\/www.shop.poney-as.com\/index.php\/produit\/as-elite-box\/#breadcrumb\",\"itemListElement\":[{\"@type\":\"ListItem\",\"position\":1,\"item\":{\"@type\":\"WebPage\",\"@id\":\"https:\/\/www.shop.poney-as.com\/\",\"url\":\"https:\/\/www.shop.poney-as.com\/\",\"name\":\"Accueil\"}},{\"@type\":\"ListItem\",\"position\":2,\"item\":{\"@type\":\"WebPage\",\"@id\":\"https:\/\/www.shop.poney-as.com\/index.php\/boutique\/\",\"url\":\"https:\/\/www.shop.poney-as.com\/index.php\/boutique\/\",\"name\":\"Boutique\"}},{\"@type\":\"ListItem\",\"position\":3,\"item\":{\"@id\":\"https:\/\/www.shop.poney-as.com\/index.php\/produit\/as-elite-box\/#webpage\"}}]}]}<\/script>\n<!-- \/ Yoast SEO plugin. -->","_links":{"self":[{"href":"https:\/\/www.shop.poney-as.com\/index.php\/wp-json\/wp\/v2\/product\/301"}],"collection":[{"href":"https:\/\/www.shop.poney-as.com\/index.php\/wp-json\/wp\/v2\/product"}],"about":[{"href":"https:\/\/www.shop.poney-as.com\/index.php\/wp-json\/wp\/v2\/types\/product"}],"version-history":[{"count":1,"href":"https:\/\/www.shop.poney-as.com\/index.php\/wp-json\/wp\/v2\/product\/301\/revisions"}],"predecessor-version":[{"id":309,"href":"https:\/\/www.shop.poney-as.com\/index.php\/wp-json\/wp\/v2\/product\/301\/revisions\/309"}],"wp:featuredmedia":[{"embeddable":true,"href":"https:\/\/www.shop.poney-as.com\/index.php\/wp-json\/wp\/v2\/media\/302"}],"wp:attachment":[{"href":"https:\/\/www.shop.poney-as.com\/index.php\/wp-json\/wp\/v2\/media?parent=301"}],"curies":[{"name":"wp","href":"https:\/\/api.w.org\/{rel}","templated":true}]}}