{"id":310,"date":"2021-06-08T15:01:25","date_gmt":"2021-06-08T13:01:25","guid":{"rendered":"https:\/\/www.shop.poney-as.com\/?post_type=product&#038;p=310"},"modified":"2021-06-08T15:09:29","modified_gmt":"2021-06-08T13:09:29","slug":"as-family-box","status":"publish","type":"product","link":"https:\/\/www.shop.poney-as.com\/index.php\/produit\/as-family-box\/","title":{"rendered":"As Family Box"},"content":{"rendered":"<p>Box cadeau compos\u00e9 de 12 produits :<\/p>\n<p>1 Mag Poney As, n\u00b012 (\u00e9dition automne 2020)<br \/>\n1 Calendrier 2021 (Poney As \u00ab Les champions de France Grand Prix \u00bb)<br \/>\n1 Tapis Poney As \/ Penelope Store (Collection 2020 \/ 2021)<br \/>\n1 Bon d\u2019achat \u2013 20 \u20ac Penelope Store<br \/>\n1 Package produits Arbalou (onguent | Repar | Gel refroidissant)<br \/>\n1 Bouteille de vin (Saumur Champigny ou Ch\u00e2teau Hauchat Bordeaux)<br \/>\n1 Sachet Cavalor Mash&amp;Mix<br \/>\n1 Gel douche au lait de jument COPMED<br \/>\n1 Bo\u00eete en fer \u00ab\u00a0Fiat 500\u00a0\u00bb de petits G\u00e2teaux Les P\u2019tits Amoureux<br \/>\n1 Paquet de Kraft Love &amp; Care 90 Happy Crackers<br \/>\n1 Produit entretien cuir Freejump<\/p>\n","protected":false},"excerpt":{"rendered":"<p>Box cadeau compos\u00e9 de 12 produits : 1 Mag Poney As, n\u00b012 (\u00e9dition automne 2020) 1 Calendrier 2021 (Poney As \u00ab Les champions de France Grand Prix \u00bb) 1 Tapis Poney As \/ Penelope Store (Collection 2020 \/ 2021) 1 Bon d\u2019achat \u2013 20 \u20ac Penelope Store 1 Package produits Arbalou (onguent | Repar | [&hellip;]<\/p>\n","protected":false},"featured_media":311,"template":"","meta":[],"yoast_head":"<!-- This site is optimized with the Yoast SEO plugin v16.3 - https:\/\/yoast.com\/wordpress\/plugins\/seo\/ -->\n<title>As Family Box - Shop PoneyAs Box cadeau 12 produits<\/title>\n<meta name=\"description\" content=\"Achetez en ligne la Box Cadeau As Family Box, le cadeau id\u00e9al pour les passionn\u00e9s d&#039;\u00e9quitation avec des produits vari\u00e9s.\" \/>\n<meta name=\"robots\" content=\"noindex, follow, max-snippet:-1, max-image-preview:large, max-video-preview:-1\" \/>\n<meta property=\"og:locale\" content=\"fr_FR\" \/>\n<meta property=\"og:type\" content=\"article\" \/>\n<meta property=\"og:title\" content=\"As Family Box - Shop PoneyAs Box cadeau 12 produits\" \/>\n<meta property=\"og:description\" content=\"Achetez en ligne la Box Cadeau As Family Box, le cadeau id\u00e9al pour les passionn\u00e9s d&#039;\u00e9quitation avec des produits vari\u00e9s.\" \/>\n<meta property=\"og:url\" content=\"https:\/\/www.shop.poney-as.com\/index.php\/produit\/as-family-box\/\" \/>\n<meta property=\"og:site_name\" content=\"Shop PoneyAs\" \/>\n<meta property=\"article:modified_time\" content=\"2021-06-08T13:09:29+00:00\" \/>\n<meta property=\"og:image\" content=\"https:\/\/www.shop.poney-as.com\/wp-content\/uploads\/2021\/06\/Box03.png\" \/>\n\t<meta property=\"og:image:width\" content=\"940\" \/>\n\t<meta property=\"og:image:height\" content=\"788\" \/>\n<meta name=\"twitter:card\" content=\"summary_large_image\" \/>\n<meta name=\"twitter:label1\" content=\"Dur\u00e9e de lecture est.\">\n\t<meta name=\"twitter:data1\" content=\"1 minute\">\n<script type=\"application\/ld+json\" class=\"yoast-schema-graph\">{\"@context\":\"https:\/\/schema.org\",\"@graph\":[{\"@type\":\"WebSite\",\"@id\":\"https:\/\/www.shop.poney-as.com\/#website\",\"url\":\"https:\/\/www.shop.poney-as.com\/\",\"name\":\"Shop PoneyAs\",\"description\":\"\",\"potentialAction\":[{\"@type\":\"SearchAction\",\"target\":\"https:\/\/www.shop.poney-as.com\/?s={search_term_string}\",\"query-input\":\"required name=search_term_string\"}],\"inLanguage\":\"fr-FR\"},{\"@type\":\"ImageObject\",\"@id\":\"https:\/\/www.shop.poney-as.com\/index.php\/produit\/as-family-box\/#primaryimage\",\"inLanguage\":\"fr-FR\",\"url\":\"https:\/\/www.shop.poney-as.com\/wp-content\/uploads\/2021\/06\/Box03.png\",\"contentUrl\":\"https:\/\/www.shop.poney-as.com\/wp-content\/uploads\/2021\/06\/Box03.png\",\"width\":940,\"height\":788,\"caption\":\"As Family Box\"},{\"@type\":\"WebPage\",\"@id\":\"https:\/\/www.shop.poney-as.com\/index.php\/produit\/as-family-box\/#webpage\",\"url\":\"https:\/\/www.shop.poney-as.com\/index.php\/produit\/as-family-box\/\",\"name\":\"As Family Box - Shop PoneyAs Box cadeau 12 produits\",\"isPartOf\":{\"@id\":\"https:\/\/www.shop.poney-as.com\/#website\"},\"primaryImageOfPage\":{\"@id\":\"https:\/\/www.shop.poney-as.com\/index.php\/produit\/as-family-box\/#primaryimage\"},\"datePublished\":\"2021-06-08T13:01:25+00:00\",\"dateModified\":\"2021-06-08T13:09:29+00:00\",\"description\":\"Achetez en ligne la Box Cadeau As Family Box, le cadeau id\\u00e9al pour les passionn\\u00e9s d'\\u00e9quitation avec des produits vari\\u00e9s.\",\"breadcrumb\":{\"@id\":\"https:\/\/www.shop.poney-as.com\/index.php\/produit\/as-family-box\/#breadcrumb\"},\"inLanguage\":\"fr-FR\",\"potentialAction\":[{\"@type\":\"ReadAction\",\"target\":[\"https:\/\/www.shop.poney-as.com\/index.php\/produit\/as-family-box\/\"]}]},{\"@type\":\"BreadcrumbList\",\"@id\":\"https:\/\/www.shop.poney-as.com\/index.php\/produit\/as-family-box\/#breadcrumb\",\"itemListElement\":[{\"@type\":\"ListItem\",\"position\":1,\"item\":{\"@type\":\"WebPage\",\"@id\":\"https:\/\/www.shop.poney-as.com\/\",\"url\":\"https:\/\/www.shop.poney-as.com\/\",\"name\":\"Accueil\"}},{\"@type\":\"ListItem\",\"position\":2,\"item\":{\"@type\":\"WebPage\",\"@id\":\"https:\/\/www.shop.poney-as.com\/index.php\/boutique\/\",\"url\":\"https:\/\/www.shop.poney-as.com\/index.php\/boutique\/\",\"name\":\"Boutique\"}},{\"@type\":\"ListItem\",\"position\":3,\"item\":{\"@id\":\"https:\/\/www.shop.poney-as.com\/index.php\/produit\/as-family-box\/#webpage\"}}]}]}<\/script>\n<!-- \/ Yoast SEO plugin. -->","_links":{"self":[{"href":"https:\/\/www.shop.poney-as.com\/index.php\/wp-json\/wp\/v2\/product\/310"}],"collection":[{"href":"https:\/\/www.shop.poney-as.com\/index.php\/wp-json\/wp\/v2\/product"}],"about":[{"href":"https:\/\/www.shop.poney-as.com\/index.php\/wp-json\/wp\/v2\/types\/product"}],"version-history":[{"count":1,"href":"https:\/\/www.shop.poney-as.com\/index.php\/wp-json\/wp\/v2\/product\/310\/revisions"}],"predecessor-version":[{"id":319,"href":"https:\/\/www.shop.poney-as.com\/index.php\/wp-json\/wp\/v2\/product\/310\/revisions\/319"}],"wp:featuredmedia":[{"embeddable":true,"href":"https:\/\/www.shop.poney-as.com\/index.php\/wp-json\/wp\/v2\/media\/311"}],"wp:attachment":[{"href":"https:\/\/www.shop.poney-as.com\/index.php\/wp-json\/wp\/v2\/media?parent=310"}],"curies":[{"name":"wp","href":"https:\/\/api.w.org\/{rel}","templated":true}]}}