{"id":69,"date":"2021-05-21T10:04:03","date_gmt":"2021-05-21T08:04:03","guid":{"rendered":"http:\/\/shop.poney-as.com\/?post_type=product&#038;p=69"},"modified":"2021-06-08T14:31:48","modified_gmt":"2021-06-08T12:31:48","slug":"tapis-de-selle-poney-as","status":"publish","type":"product","link":"https:\/\/www.shop.poney-as.com\/index.php\/produit\/tapis-de-selle-poney-as\/","title":{"rendered":"Tapis de selle Poney As"},"content":{"rendered":"<p>Tapis de selle am\u00e9ricain &#8211; Marine et rouge<\/p>\n<p>Magnifique\u00a0<strong>tapis<\/strong>\u00a0de\u00a0selle\u00a0au\u00a0<strong>matelassage<\/strong>\u00a0\u00e0 carreaux plus fin que son voisin le\u00a0<strong>tapis<\/strong>\u00a0de\u00a0<strong>selle<\/strong>\u00a0classique, doubl\u00e9 de\u00a0<strong>nid<\/strong>\u00a0d&#8217;abeille\u00a0blanc. Il a une belle d\u00e9coupe de\u00a0<strong>dos<\/strong>\u00a0qui permet une pose et un\u00a0<strong>d\u00e9garrotage<\/strong>\u00a0facile, il a \u00e9galement deux passants de\u00a0<strong>sangle<\/strong>\u00a0qui permettent que le\u00a0<strong>tapis<\/strong>\u00a0reste en place sous la\u00a0<strong>selle<\/strong>. Il est compos\u00e9 de deux\u00a0<strong>galons<\/strong>, un \u00e0 l&#8217;ext\u00e9rieur de couleur bleu roi et un\u00a0<strong>point<\/strong>\u00a0<strong>sellier<\/strong> noir et bleu roi \u00e0 l&#8217;int\u00e9rieur. Broderie des deux faces (une face logo Poney As, l&#8217;autre face logo Penelope).<\/p>\n<p>60% Polyester &#8211; 40% Coton &#8211; Garnissage : 100% polyester<\/p>\n<p>Taille unique<\/p>\n<p><strong>Fabrication fran\u00e7aise\u00a0<\/strong><\/p>\n<p>Collections\u00a0<strong>P\u00e9n\u00e9lope &#8211; Poney As 2020\/2021<br \/>\n<\/strong><\/p>\n","protected":false},"excerpt":{"rendered":"<p>Tapis de selle Point Sellier classique &#8211;\u00a0 Marine &amp; Rouge<\/p>\n<p>Collections\u00a0<strong>P\u00e9n\u00e9lope<\/strong><\/p>\n<p>Tapis de selle\u00a0orn\u00e9\u00a0d&#8217;un\u00a0<strong>galon<\/strong><strong>point sellier<\/strong>, il est dot\u00e9 d&#8217;un\u00a0<strong>matelassage<\/strong>\u00a0\u00e9pais. A l&#8217;int\u00e9rieur, un\u00a0<strong>nid d&#8217;abeille<\/strong>\u00a0blanc permet une\u00a0<strong>absorption<\/strong>\u00a0de la\u00a0<strong>transpiration<\/strong>\u00a0et donc un grand\u00a0<strong>confort<\/strong>\u00a0pour le\u00a0<strong>cheval<\/strong>. Sa forme bien\u00a0<strong>d\u00e9garrott\u00e9e<\/strong>\u00a0permet une pose facile. Il est \u00e9galement dot\u00e9 de deux<strong>\u00a0passants<\/strong>\u00a0pour la\u00a0<strong>sangle<\/strong>. Le tout permettant une\u00a0<strong>fixit\u00e9<\/strong>\u00a0du produit sur le dos du cheval, en somme, qu&#8217;il ne bouge pas sous la<strong>\u00a0selle.<\/strong><\/p>\n<p>Fabrication fran\u00e7aise<\/p>\n<p>Une foule de couleurs sont disponibles dans notre\u00a0<strong>collection<\/strong>\u00a0permanente mais aussi, dans notre collection \u00e9ph\u00e9m\u00e8re avec des mod\u00e8les en \u00e9ditions limit\u00e9es.<\/p>\n<p>Taille cheval (Il convient aux chevaux et grand\u00a0<strong>poneys<\/strong>)<\/p>\n<p>80% polyester 20% coton<\/p>\n<p>Conseil de lavage: Nos tapis se lavent \u00e0 30\u00b0C en machine mais ne tol\u00e8re pas le s\u00e8che-linge.<\/p>\n","protected":false},"featured_media":281,"template":"","meta":[],"yoast_head":"<!-- This site is optimized with the Yoast SEO plugin v16.3 - https:\/\/yoast.com\/wordpress\/plugins\/seo\/ -->\n<title>Tapis de selle Poney As - Shop PoneyAs Penelope Collection<\/title>\n<meta name=\"description\" content=\"Achetez en ligne le tapis de selle de la collection Poney As 2020 \/ 2021 bleu marine et rouge confectionn\u00e9 par Penelope Store\" \/>\n<meta name=\"robots\" content=\"noindex, follow, max-snippet:-1, max-image-preview:large, max-video-preview:-1\" \/>\n<meta property=\"og:locale\" content=\"fr_FR\" \/>\n<meta property=\"og:type\" content=\"article\" \/>\n<meta property=\"og:title\" content=\"Tapis de selle Poney As - Shop PoneyAs Penelope Collection\" \/>\n<meta property=\"og:description\" content=\"Achetez en ligne le tapis de selle de la collection Poney As 2020 \/ 2021 bleu marine et rouge confectionn\u00e9 par Penelope Store\" \/>\n<meta property=\"og:url\" content=\"https:\/\/www.shop.poney-as.com\/index.php\/produit\/tapis-de-selle-poney-as\/\" \/>\n<meta property=\"og:site_name\" content=\"Shop PoneyAs\" \/>\n<meta property=\"article:modified_time\" content=\"2021-06-08T12:31:48+00:00\" \/>\n<meta property=\"og:image\" content=\"https:\/\/www.shop.poney-as.com\/wp-content\/uploads\/2021\/05\/Tapis.jpg\" \/>\n\t<meta property=\"og:image:width\" content=\"500\" \/>\n\t<meta property=\"og:image:height\" content=\"500\" \/>\n<meta name=\"twitter:card\" content=\"summary_large_image\" \/>\n<meta name=\"twitter:label1\" content=\"Dur\u00e9e de lecture est.\">\n\t<meta name=\"twitter:data1\" content=\"1 minute\">\n<script type=\"application\/ld+json\" class=\"yoast-schema-graph\">{\"@context\":\"https:\/\/schema.org\",\"@graph\":[{\"@type\":\"WebSite\",\"@id\":\"https:\/\/www.shop.poney-as.com\/#website\",\"url\":\"https:\/\/www.shop.poney-as.com\/\",\"name\":\"Shop PoneyAs\",\"description\":\"\",\"potentialAction\":[{\"@type\":\"SearchAction\",\"target\":\"https:\/\/www.shop.poney-as.com\/?s={search_term_string}\",\"query-input\":\"required name=search_term_string\"}],\"inLanguage\":\"fr-FR\"},{\"@type\":\"ImageObject\",\"@id\":\"https:\/\/www.shop.poney-as.com\/index.php\/produit\/tapis-de-selle-poney-as\/#primaryimage\",\"inLanguage\":\"fr-FR\",\"url\":\"https:\/\/www.shop.poney-as.com\/wp-content\/uploads\/2021\/05\/Tapis.jpg\",\"contentUrl\":\"https:\/\/www.shop.poney-as.com\/wp-content\/uploads\/2021\/05\/Tapis.jpg\",\"width\":500,\"height\":500,\"caption\":\"Tapis Poney As 2020 \/ 2021\"},{\"@type\":\"WebPage\",\"@id\":\"https:\/\/www.shop.poney-as.com\/index.php\/produit\/tapis-de-selle-poney-as\/#webpage\",\"url\":\"https:\/\/www.shop.poney-as.com\/index.php\/produit\/tapis-de-selle-poney-as\/\",\"name\":\"Tapis de selle Poney As - Shop PoneyAs Penelope Collection\",\"isPartOf\":{\"@id\":\"https:\/\/www.shop.poney-as.com\/#website\"},\"primaryImageOfPage\":{\"@id\":\"https:\/\/www.shop.poney-as.com\/index.php\/produit\/tapis-de-selle-poney-as\/#primaryimage\"},\"datePublished\":\"2021-05-21T08:04:03+00:00\",\"dateModified\":\"2021-06-08T12:31:48+00:00\",\"description\":\"Achetez en ligne le tapis de selle de la collection Poney As 2020 \/ 2021 bleu marine et rouge confectionn\\u00e9 par Penelope Store\",\"breadcrumb\":{\"@id\":\"https:\/\/www.shop.poney-as.com\/index.php\/produit\/tapis-de-selle-poney-as\/#breadcrumb\"},\"inLanguage\":\"fr-FR\",\"potentialAction\":[{\"@type\":\"ReadAction\",\"target\":[\"https:\/\/www.shop.poney-as.com\/index.php\/produit\/tapis-de-selle-poney-as\/\"]}]},{\"@type\":\"BreadcrumbList\",\"@id\":\"https:\/\/www.shop.poney-as.com\/index.php\/produit\/tapis-de-selle-poney-as\/#breadcrumb\",\"itemListElement\":[{\"@type\":\"ListItem\",\"position\":1,\"item\":{\"@type\":\"WebPage\",\"@id\":\"https:\/\/www.shop.poney-as.com\/\",\"url\":\"https:\/\/www.shop.poney-as.com\/\",\"name\":\"Accueil\"}},{\"@type\":\"ListItem\",\"position\":2,\"item\":{\"@type\":\"WebPage\",\"@id\":\"https:\/\/www.shop.poney-as.com\/index.php\/boutique\/\",\"url\":\"https:\/\/www.shop.poney-as.com\/index.php\/boutique\/\",\"name\":\"Boutique\"}},{\"@type\":\"ListItem\",\"position\":3,\"item\":{\"@id\":\"https:\/\/www.shop.poney-as.com\/index.php\/produit\/tapis-de-selle-poney-as\/#webpage\"}}]}]}<\/script>\n<!-- \/ Yoast SEO plugin. -->","_links":{"self":[{"href":"https:\/\/www.shop.poney-as.com\/index.php\/wp-json\/wp\/v2\/product\/69"}],"collection":[{"href":"https:\/\/www.shop.poney-as.com\/index.php\/wp-json\/wp\/v2\/product"}],"about":[{"href":"https:\/\/www.shop.poney-as.com\/index.php\/wp-json\/wp\/v2\/types\/product"}],"version-history":[{"count":2,"href":"https:\/\/www.shop.poney-as.com\/index.php\/wp-json\/wp\/v2\/product\/69\/revisions"}],"predecessor-version":[{"id":279,"href":"https:\/\/www.shop.poney-as.com\/index.php\/wp-json\/wp\/v2\/product\/69\/revisions\/279"}],"wp:featuredmedia":[{"embeddable":true,"href":"https:\/\/www.shop.poney-as.com\/index.php\/wp-json\/wp\/v2\/media\/281"}],"wp:attachment":[{"href":"https:\/\/www.shop.poney-as.com\/index.php\/wp-json\/wp\/v2\/media?parent=69"}],"curies":[{"name":"wp","href":"https:\/\/api.w.org\/{rel}","templated":true}]}}