{"id":73,"date":"2021-05-21T10:04:11","date_gmt":"2021-05-21T08:04:11","guid":{"rendered":"http:\/\/shop.poney-as.com\/?post_type=product&#038;p=73"},"modified":"2021-06-08T14:37:53","modified_gmt":"2021-06-08T12:37:53","slug":"chemise-poney-as","status":"publish","type":"product","link":"https:\/\/www.shop.poney-as.com\/index.php\/produit\/chemise-poney-as\/","title":{"rendered":"Chemise de Box Poney As"},"content":{"rendered":"<p>Chemise de Box P\u00e9n\u00e9lope &#8211;\u00a0 Marine &amp; Rouge<\/p>\n<p>Collections\u00a0<strong>P\u00e9n\u00e9lope<\/strong><\/p>\n<p>Broderie des deux c\u00f4t\u00e9s (une face logo Poney As, l\u2019autre face logo Penelope).<\/p>\n","protected":false},"excerpt":{"rendered":"<p><strong>Chemise de box<\/strong><\/p>\n<p>Collections <strong>P\u00e9n\u00e9lope \/ Poney As 2020 -2021<br \/>\n<\/strong><\/p>\n<p>Chemise <strong>l\u00e9g\u00e8re<\/strong> \u00e0 utiliser au box. Dot\u00e9e d&#8217;une <strong>d\u00e9coupe<\/strong> ultra-<strong>ergonomique<\/strong>, elle est tr\u00e8s <strong>confortable<\/strong> \u00e0 porter pour votre <strong>cheval<\/strong>.\u00a0Au niveau du <strong>garrot<\/strong>, une zone de <strong>tissu stretch<\/strong> permet une <strong>diminution<\/strong> des <strong>points de pression<\/strong>. Le cheval peut donc baisser la t\u00eate et effectu\u00e9 tous les <strong>mouvements<\/strong> qu&#8217;il souhaite sans \u00eatre g\u00ean\u00e9 par sa chemise. La chemise de box P\u00e9n\u00e9lope Leprevost se ferme par un syst\u00e8me de <strong>double boucles<\/strong> sur le <strong>poitrail<\/strong> et par deux<strong> sangles ventrales<\/strong>. La chemise se fixe parfaitement sur le dos du cheval gr\u00e2ce au <strong>passant de queue<\/strong> \u00e0 l&#8217;arri\u00e8re. Enfin, une des particularit\u00e9 de la chemise de box P\u00e9n\u00e9lope Leprevost est\u00a0sa\u00a0<strong>d\u00e9coupe inclin\u00e9e<\/strong> \u00e0 l&#8217;arri\u00e8re ce qui lui donne un <strong>look<\/strong> <strong>original<\/strong>. Pour agr\u00e9menter le look, on retrouve, bien s\u00fbr, un galon en <strong>point sellier<\/strong>, si <strong>embl\u00e9matique<\/strong> de la marque. La chemise de box, contrairement aux couvertures plus \u00e9paisses, est dot\u00e9e d&#8217;une d\u00e9coupe \u00e0 l&#8217;arri\u00e8re. Elle est aussi ultra l\u00e9g\u00e8re ce qui rend sa <strong>pose<\/strong> tr\u00e8s <strong>facile<\/strong>.<\/p>\n<p>R\u00e9sistance: 600 Deniers<\/p>\n<p>\u00c9paisseur: 0 g\/m\u00b2<\/p>\n<p>Disponible en marine<\/p>\n<p>taille 5.9<\/p>\n<p>Composition : Ext\u00e9rieur : 100 % Polyester. Doublure: 100 % Polyester. Rembourrage (pour les 200 et 400g) : 100 % Polyester.<\/p>\n","protected":false},"featured_media":287,"template":"","meta":[],"yoast_head":"<!-- This site is optimized with the Yoast SEO plugin v16.3 - https:\/\/yoast.com\/wordpress\/plugins\/seo\/ -->\n<title>Chemise de Box Poney As - Shop PoneyAs collection P\u00e9n\u00e9lope<\/title>\n<meta name=\"description\" content=\"Achetez en ligne la chemise de Box collection Poney As 2020\/2021 marine avec galon rouge et broderie con\u00e7ue par P\u00e9n\u00e9lope Store\" \/>\n<meta name=\"robots\" content=\"noindex, follow, max-snippet:-1, max-image-preview:large, max-video-preview:-1\" \/>\n<meta property=\"og:locale\" content=\"fr_FR\" \/>\n<meta property=\"og:type\" content=\"article\" \/>\n<meta property=\"og:title\" content=\"Chemise de Box Poney As - Shop PoneyAs collection P\u00e9n\u00e9lope\" \/>\n<meta property=\"og:description\" content=\"Achetez en ligne la chemise de Box collection Poney As 2020\/2021 marine avec galon rouge et broderie con\u00e7ue par P\u00e9n\u00e9lope Store\" \/>\n<meta property=\"og:url\" content=\"https:\/\/www.shop.poney-as.com\/index.php\/produit\/chemise-poney-as\/\" \/>\n<meta property=\"og:site_name\" content=\"Shop PoneyAs\" \/>\n<meta property=\"article:modified_time\" content=\"2021-06-08T12:37:53+00:00\" \/>\n<meta property=\"og:image\" content=\"https:\/\/www.shop.poney-as.com\/wp-content\/uploads\/2021\/05\/Couverture.jpg\" \/>\n\t<meta property=\"og:image:width\" content=\"500\" \/>\n\t<meta property=\"og:image:height\" content=\"500\" \/>\n<meta name=\"twitter:card\" content=\"summary_large_image\" \/>\n<meta name=\"twitter:label1\" content=\"Dur\u00e9e de lecture est.\">\n\t<meta name=\"twitter:data1\" content=\"1 minute\">\n<script type=\"application\/ld+json\" class=\"yoast-schema-graph\">{\"@context\":\"https:\/\/schema.org\",\"@graph\":[{\"@type\":\"WebSite\",\"@id\":\"https:\/\/www.shop.poney-as.com\/#website\",\"url\":\"https:\/\/www.shop.poney-as.com\/\",\"name\":\"Shop PoneyAs\",\"description\":\"\",\"potentialAction\":[{\"@type\":\"SearchAction\",\"target\":\"https:\/\/www.shop.poney-as.com\/?s={search_term_string}\",\"query-input\":\"required name=search_term_string\"}],\"inLanguage\":\"fr-FR\"},{\"@type\":\"ImageObject\",\"@id\":\"https:\/\/www.shop.poney-as.com\/index.php\/produit\/chemise-poney-as\/#primaryimage\",\"inLanguage\":\"fr-FR\",\"url\":\"https:\/\/www.shop.poney-as.com\/wp-content\/uploads\/2021\/05\/Couverture.jpg\",\"contentUrl\":\"https:\/\/www.shop.poney-as.com\/wp-content\/uploads\/2021\/05\/Couverture.jpg\",\"width\":500,\"height\":500,\"caption\":\"Chemise de Box Poney As 2020 \/ 2021\"},{\"@type\":\"WebPage\",\"@id\":\"https:\/\/www.shop.poney-as.com\/index.php\/produit\/chemise-poney-as\/#webpage\",\"url\":\"https:\/\/www.shop.poney-as.com\/index.php\/produit\/chemise-poney-as\/\",\"name\":\"Chemise de Box Poney As - Shop PoneyAs collection P\\u00e9n\\u00e9lope\",\"isPartOf\":{\"@id\":\"https:\/\/www.shop.poney-as.com\/#website\"},\"primaryImageOfPage\":{\"@id\":\"https:\/\/www.shop.poney-as.com\/index.php\/produit\/chemise-poney-as\/#primaryimage\"},\"datePublished\":\"2021-05-21T08:04:11+00:00\",\"dateModified\":\"2021-06-08T12:37:53+00:00\",\"description\":\"Achetez en ligne la chemise de Box collection Poney As 2020\/2021 marine avec galon rouge et broderie con\\u00e7ue par P\\u00e9n\\u00e9lope Store\",\"breadcrumb\":{\"@id\":\"https:\/\/www.shop.poney-as.com\/index.php\/produit\/chemise-poney-as\/#breadcrumb\"},\"inLanguage\":\"fr-FR\",\"potentialAction\":[{\"@type\":\"ReadAction\",\"target\":[\"https:\/\/www.shop.poney-as.com\/index.php\/produit\/chemise-poney-as\/\"]}]},{\"@type\":\"BreadcrumbList\",\"@id\":\"https:\/\/www.shop.poney-as.com\/index.php\/produit\/chemise-poney-as\/#breadcrumb\",\"itemListElement\":[{\"@type\":\"ListItem\",\"position\":1,\"item\":{\"@type\":\"WebPage\",\"@id\":\"https:\/\/www.shop.poney-as.com\/\",\"url\":\"https:\/\/www.shop.poney-as.com\/\",\"name\":\"Accueil\"}},{\"@type\":\"ListItem\",\"position\":2,\"item\":{\"@type\":\"WebPage\",\"@id\":\"https:\/\/www.shop.poney-as.com\/index.php\/boutique\/\",\"url\":\"https:\/\/www.shop.poney-as.com\/index.php\/boutique\/\",\"name\":\"Boutique\"}},{\"@type\":\"ListItem\",\"position\":3,\"item\":{\"@id\":\"https:\/\/www.shop.poney-as.com\/index.php\/produit\/chemise-poney-as\/#webpage\"}}]}]}<\/script>\n<!-- \/ Yoast SEO plugin. -->","_links":{"self":[{"href":"https:\/\/www.shop.poney-as.com\/index.php\/wp-json\/wp\/v2\/product\/73"}],"collection":[{"href":"https:\/\/www.shop.poney-as.com\/index.php\/wp-json\/wp\/v2\/product"}],"about":[{"href":"https:\/\/www.shop.poney-as.com\/index.php\/wp-json\/wp\/v2\/types\/product"}],"version-history":[{"count":3,"href":"https:\/\/www.shop.poney-as.com\/index.php\/wp-json\/wp\/v2\/product\/73\/revisions"}],"predecessor-version":[{"id":286,"href":"https:\/\/www.shop.poney-as.com\/index.php\/wp-json\/wp\/v2\/product\/73\/revisions\/286"}],"wp:featuredmedia":[{"embeddable":true,"href":"https:\/\/www.shop.poney-as.com\/index.php\/wp-json\/wp\/v2\/media\/287"}],"wp:attachment":[{"href":"https:\/\/www.shop.poney-as.com\/index.php\/wp-json\/wp\/v2\/media?parent=73"}],"curies":[{"name":"wp","href":"https:\/\/api.w.org\/{rel}","templated":true}]}}