{"id":74,"date":"2021-05-21T10:04:24","date_gmt":"2021-05-21T08:04:24","guid":{"rendered":"http:\/\/shop.poney-as.com\/?post_type=product&#038;p=74"},"modified":"2021-06-08T14:41:41","modified_gmt":"2021-06-08T12:41:41","slug":"bonnet-poney-as","status":"publish","type":"product","link":"https:\/\/www.shop.poney-as.com\/index.php\/produit\/bonnet-poney-as\/","title":{"rendered":"Bonnet Poney As"},"content":{"rendered":"<p>Bonnet point sellier &#8211; Marine et rouge<\/p>\n<p>Brod\u00e9 avec le logo Poney As<\/p>\n<p>Collections\u00a0<strong>P\u00e9n\u00e9lope<\/strong><\/p>\n","protected":false},"excerpt":{"rendered":"<p><strong>Bonnet<\/strong>\u00a0Point Sellier &#8211;\u00a0Marine &amp; Caramel<\/p>\n<div id=\"short_description_content\" class=\"rte align_justify\">\n<p>Collections P\u00e9n\u00e9lope Leprevost<\/p>\n<p>Bonnet\u00a0<strong>crochet\u00e9<\/strong>\u00a0\u00e0 la main et dot\u00e9 de deux oreilles en lycra tr\u00e8s extensibles pour convenir au plus grand nombre de\u00a0<strong>chevaux<\/strong>. Un galon\u00a0<strong>point sellier<\/strong>\u00a0dessine le\u00a0<strong>chanfrein<\/strong>\u00a0et la broderie du petit cheval de la marque fini avec\u00a0<strong>\u00e9l\u00e9gance<\/strong>\u00a0le produit. Il peut \u00eatre utilis\u00e9 pour<strong>\u00a0att\u00e9nuer<\/strong>\u00a0les\u00a0<strong>bruits<\/strong>\u00a0qui peuvent apporter du\u00a0<strong>stress<\/strong>\u00a0au cheval ou tout simplement pour ajouter une touche\u00a0<strong>esth\u00e9tique<\/strong>\u00a0\u00e0 son look!<\/p>\n<p>Ce bonnet peut s&#8217;assortir parfaitement \u00e0 un<strong>\u00a0tapis<\/strong>\u00a0point sellier\u00a0de la m\u00eame\u00a0couleur<\/p>\n<p>Taille\u00a0<strong>cheval<\/strong>\u00a0&#8211; poney D<\/p>\n<p>Composition : 90% polyester, 10% Coton<\/p>\n<\/div>\n","protected":false},"featured_media":290,"template":"","meta":[],"yoast_head":"<!-- This site is optimized with the Yoast SEO plugin v16.3 - https:\/\/yoast.com\/wordpress\/plugins\/seo\/ -->\n<title>Bonnet Poney As - Shop PoneyAs by P\u00e9n\u00e9lope Store<\/title>\n<meta name=\"description\" content=\"Achetez le bonnet pont sellier de la collection Poney As 2020 \/ 2021 con\u00e7u par le fabrication P\u00e9n\u00e9lope Store et brod\u00e9 avec logo Poney As\" \/>\n<meta name=\"robots\" content=\"noindex, follow, max-snippet:-1, max-image-preview:large, max-video-preview:-1\" \/>\n<meta property=\"og:locale\" content=\"fr_FR\" \/>\n<meta property=\"og:type\" content=\"article\" \/>\n<meta property=\"og:title\" content=\"Bonnet Poney As - Shop PoneyAs by P\u00e9n\u00e9lope Store\" \/>\n<meta property=\"og:description\" content=\"Achetez le bonnet pont sellier de la collection Poney As 2020 \/ 2021 con\u00e7u par le fabrication P\u00e9n\u00e9lope Store et brod\u00e9 avec logo Poney As\" \/>\n<meta property=\"og:url\" content=\"https:\/\/www.shop.poney-as.com\/index.php\/produit\/bonnet-poney-as\/\" \/>\n<meta property=\"og:site_name\" content=\"Shop PoneyAs\" \/>\n<meta property=\"article:modified_time\" content=\"2021-06-08T12:41:41+00:00\" \/>\n<meta property=\"og:image\" content=\"https:\/\/www.shop.poney-as.com\/wp-content\/uploads\/2021\/05\/Bonnet.jpg\" \/>\n\t<meta property=\"og:image:width\" content=\"500\" \/>\n\t<meta property=\"og:image:height\" content=\"500\" \/>\n<meta name=\"twitter:card\" content=\"summary_large_image\" \/>\n<meta name=\"twitter:label1\" content=\"Dur\u00e9e de lecture est.\">\n\t<meta name=\"twitter:data1\" content=\"1 minute\">\n<script type=\"application\/ld+json\" class=\"yoast-schema-graph\">{\"@context\":\"https:\/\/schema.org\",\"@graph\":[{\"@type\":\"WebSite\",\"@id\":\"https:\/\/www.shop.poney-as.com\/#website\",\"url\":\"https:\/\/www.shop.poney-as.com\/\",\"name\":\"Shop PoneyAs\",\"description\":\"\",\"potentialAction\":[{\"@type\":\"SearchAction\",\"target\":\"https:\/\/www.shop.poney-as.com\/?s={search_term_string}\",\"query-input\":\"required name=search_term_string\"}],\"inLanguage\":\"fr-FR\"},{\"@type\":\"ImageObject\",\"@id\":\"https:\/\/www.shop.poney-as.com\/index.php\/produit\/bonnet-poney-as\/#primaryimage\",\"inLanguage\":\"fr-FR\",\"url\":\"https:\/\/www.shop.poney-as.com\/wp-content\/uploads\/2021\/05\/Bonnet.jpg\",\"contentUrl\":\"https:\/\/www.shop.poney-as.com\/wp-content\/uploads\/2021\/05\/Bonnet.jpg\",\"width\":500,\"height\":500,\"caption\":\"Bonnet Poney As 2020 \/ 2021\"},{\"@type\":\"WebPage\",\"@id\":\"https:\/\/www.shop.poney-as.com\/index.php\/produit\/bonnet-poney-as\/#webpage\",\"url\":\"https:\/\/www.shop.poney-as.com\/index.php\/produit\/bonnet-poney-as\/\",\"name\":\"Bonnet Poney As - Shop PoneyAs by P\\u00e9n\\u00e9lope Store\",\"isPartOf\":{\"@id\":\"https:\/\/www.shop.poney-as.com\/#website\"},\"primaryImageOfPage\":{\"@id\":\"https:\/\/www.shop.poney-as.com\/index.php\/produit\/bonnet-poney-as\/#primaryimage\"},\"datePublished\":\"2021-05-21T08:04:24+00:00\",\"dateModified\":\"2021-06-08T12:41:41+00:00\",\"description\":\"Achetez le bonnet pont sellier de la collection Poney As 2020 \/ 2021 con\\u00e7u par le fabrication P\\u00e9n\\u00e9lope Store et brod\\u00e9 avec logo Poney As\",\"breadcrumb\":{\"@id\":\"https:\/\/www.shop.poney-as.com\/index.php\/produit\/bonnet-poney-as\/#breadcrumb\"},\"inLanguage\":\"fr-FR\",\"potentialAction\":[{\"@type\":\"ReadAction\",\"target\":[\"https:\/\/www.shop.poney-as.com\/index.php\/produit\/bonnet-poney-as\/\"]}]},{\"@type\":\"BreadcrumbList\",\"@id\":\"https:\/\/www.shop.poney-as.com\/index.php\/produit\/bonnet-poney-as\/#breadcrumb\",\"itemListElement\":[{\"@type\":\"ListItem\",\"position\":1,\"item\":{\"@type\":\"WebPage\",\"@id\":\"https:\/\/www.shop.poney-as.com\/\",\"url\":\"https:\/\/www.shop.poney-as.com\/\",\"name\":\"Accueil\"}},{\"@type\":\"ListItem\",\"position\":2,\"item\":{\"@type\":\"WebPage\",\"@id\":\"https:\/\/www.shop.poney-as.com\/index.php\/boutique\/\",\"url\":\"https:\/\/www.shop.poney-as.com\/index.php\/boutique\/\",\"name\":\"Boutique\"}},{\"@type\":\"ListItem\",\"position\":3,\"item\":{\"@id\":\"https:\/\/www.shop.poney-as.com\/index.php\/produit\/bonnet-poney-as\/#webpage\"}}]}]}<\/script>\n<!-- \/ Yoast SEO plugin. -->","_links":{"self":[{"href":"https:\/\/www.shop.poney-as.com\/index.php\/wp-json\/wp\/v2\/product\/74"}],"collection":[{"href":"https:\/\/www.shop.poney-as.com\/index.php\/wp-json\/wp\/v2\/product"}],"about":[{"href":"https:\/\/www.shop.poney-as.com\/index.php\/wp-json\/wp\/v2\/types\/product"}],"version-history":[{"count":2,"href":"https:\/\/www.shop.poney-as.com\/index.php\/wp-json\/wp\/v2\/product\/74\/revisions"}],"predecessor-version":[{"id":289,"href":"https:\/\/www.shop.poney-as.com\/index.php\/wp-json\/wp\/v2\/product\/74\/revisions\/289"}],"wp:featuredmedia":[{"embeddable":true,"href":"https:\/\/www.shop.poney-as.com\/index.php\/wp-json\/wp\/v2\/media\/290"}],"wp:attachment":[{"href":"https:\/\/www.shop.poney-as.com\/index.php\/wp-json\/wp\/v2\/media?parent=74"}],"curies":[{"name":"wp","href":"https:\/\/api.w.org\/{rel}","templated":true}]}}